{"id":1068,"date":"2025-02-17T15:09:18","date_gmt":"2025-02-17T14:09:18","guid":{"rendered":"https:\/\/bienvenuechezvous.be\/?page_id=1068"},"modified":"2025-12-05T10:32:24","modified_gmt":"2025-12-05T09:32:24","slug":"elementor-page-1068","status":"publish","type":"page","link":"https:\/\/bienvenuechezvous.be\/nl\/elementor-page-1068\/","title":{"rendered":"ETUDE"},"content":{"rendered":"<div data-elementor-type=\"wp-page\" data-elementor-id=\"1068\" class=\"elementor elementor-1068\">\n\t\t\t\t<div class=\"elementor-element elementor-element-25e3c874 e-con-full e-flex e-con e-parent\" data-id=\"25e3c874\" data-element_type=\"container\" data-settings=\"{&quot;background_background&quot;:&quot;classic&quot;}\">\n\t\t<div class=\"elementor-element elementor-element-7cbc3871 e-con-full mx-width e-flex e-con e-child\" data-id=\"7cbc3871\" data-element_type=\"container\" data-settings=\"{&quot;background_background&quot;:&quot;classic&quot;}\">\n\t\t\t\t<\/div>\n\t\t<div class=\"elementor-element elementor-element-2dee5d8f e-con-full mx-width e-flex e-con e-child\" data-id=\"2dee5d8f\" data-element_type=\"container\" data-settings=\"{&quot;background_background&quot;:&quot;classic&quot;}\">\n\t\t<div class=\"elementor-element elementor-element-2c89b36b e-grid e-con-full e-con e-child\" data-id=\"2c89b36b\" data-element_type=\"container\">\n\t\t<div class=\"elementor-element elementor-element-10da7812 e-con-full e-flex e-con e-child\" data-id=\"10da7812\" data-element_type=\"container\" data-settings=\"{&quot;background_background&quot;:&quot;classic&quot;}\">\n\t\t\t\t<div class=\"elementor-element elementor-element-7953f6c0 elementor-widget elementor-widget-heading\" data-id=\"7953f6c0\" data-element_type=\"widget\" data-widget_type=\"heading.default\">\n\t\t\t\t<div class=\"elementor-widget-container\">\n\t\t\t\t\t<h2 class=\"elementor-heading-title elementor-size-default\">\u2014 Nieuw onderzoek (2024)<\/h2>\t\t\t\t<\/div>\n\t\t\t\t<\/div>\n\t\t\t\t<div class=\"elementor-element elementor-element-10f1343c elementor-widget elementor-widget-heading\" data-id=\"10f1343c\" data-element_type=\"widget\" data-widget_type=\"heading.default\">\n\t\t\t\t<div class=\"elementor-widget-container\">\n\t\t\t\t\t<h2 class=\"elementor-heading-title elementor-size-default\">Inzicht in De Realiteit Van Eenoudergezinnen Om Hen Beter Te Kunnen Helpen<\/h2>\t\t\t\t<\/div>\n\t\t\t\t<\/div>\n\t\t\t\t<div class=\"elementor-element elementor-element-53f52a6b elementor-widget__width-initial elementor-widget elementor-widget-text-editor\" data-id=\"53f52a6b\" data-element_type=\"widget\" data-widget_type=\"text-editor.default\">\n\t\t\t\t<div class=\"elementor-widget-container\">\n\t\t\t\t\t\t\t\t\t<p class=\"translation-block\">In 2024, meer dan 1 Belgisch huishouden op 10 is een eenoudergezin. En een kwart van de eenoudergezinnen heeft financi\u00eble problemen, twee keer zo veel als de algemene bevolking. Daarenboven blijkt het moeilijker voor hen om een geschikte woning te vinden dan voor gezinnen met twee ouders.<\/p><p>Dat, en veel meer, blijkt uit een nieuwe studie die de socio-economische uitdagingen van Belgische eenoudergezinnen gedetailleerd in kaart brengt. De studie werd uitgevoerd in opdracht van het Centrum Algemeen Welzijnswerk (CAW), haar Franstalig-Belgische tegenhanger AMA, en IKEA Belgi\u00eb, en is gebaseerd op interviews met 991 bevraagden.\u00a0<\/p>\t\t\t\t\t\t\t\t<\/div>\n\t\t\t\t<\/div>\n\t\t\t\t<div class=\"elementor-element elementor-element-5bdbcc33 elementor-align-right elementor-widget elementor-widget-raven-button\" data-id=\"5bdbcc33\" data-element_type=\"widget\" data-settings=\"{&quot;turn_to_popup_action_button&quot;:&quot;no&quot;}\" data-widget_type=\"raven-button.default\">\n\t\t\t\t<div class=\"elementor-widget-container\">\n\t\t\t\t\t\t\t<div class=\"raven-widget-wrapper\">\n\t\t\t<a class=\"raven-button raven-button-widget-normal-effect-none elementor-button raven-button-text-align- raven-button-link elementor-animation-none\" href=\"https:\/\/press.ikea.be\/nieuw-onderzoek-kwart-eenoudergezinnen-heeft-financiele-problemen\">\t\t\t\t<div class=\"raven-button-overlay\" ><\/div>\n\t\t\t\t<span class=\"raven-button-content\">\n\t\t\t\t\t\n\t\t\t\t\t<div class=\"button-text-container\">\n\t\t\t\t\t\t\t\t\t\t\t\t<div class=\"raven-button-texts-wrapper\">\n\t\t\t\t\t\t\t<div class=\"button-text\">\n\t\t\t\t\t\t\t\t<span class=\"raven-button-text\">\n\t\t\t\t\t\t\t\t\tLees De onderzoek\t\t\t\t\t\t\t\t<\/span>\n\t\t\t\t\t\t\t<\/div>\n\t\t\t\t\t\t\t\t\t\t\t\t\t<\/div>\n\t\t\t\t\t\t\t\t\t\t\t<\/div>\n\t\t\t\t\t\n\t\t\t\t\t\t\t\t\t<\/span>\n\t\t\t<\/a>\t\t<\/div>\n\t\t\t\t\t\t<\/div>\n\t\t\t\t<\/div>\n\t\t\t\t<\/div>\n\t\t<div class=\"elementor-element elementor-element-4ef7e82a e-con-full e-flex e-con e-child\" data-id=\"4ef7e82a\" data-element_type=\"container\" data-settings=\"{&quot;background_background&quot;:&quot;classic&quot;}\">\n\t\t\t\t<\/div>\n\t\t\t\t<\/div>\n\t\t<div class=\"elementor-element elementor-element-6593a95a e-grid e-con-full e-con e-child\" data-id=\"6593a95a\" data-element_type=\"container\">\n\t\t<div class=\"elementor-element elementor-element-d41bf22 e-con-full e-flex e-con e-child\" data-id=\"d41bf22\" data-element_type=\"container\" data-settings=\"{&quot;background_background&quot;:&quot;classic&quot;}\">\n\t\t\t\t<div class=\"elementor-element elementor-element-634dfe7 elementor-widget__width-initial elementor-widget elementor-widget-text-editor\" data-id=\"634dfe7\" data-element_type=\"widget\" data-widget_type=\"text-editor.default\">\n\t\t\t\t<div class=\"elementor-widget-container\">\n\t\t\t\t\t\t\t\t\t<p class=\"styles_paragraph__GiKq6\"><strong>Over het onderzoek<\/strong>\u00a0<\/p><p class=\"styles_paragraph__GiKq6 translation-block\">Er bestaan weinig gedetailleerde cijfers over de gekende uitdagingen van eenoudergezinnen, zoals koopkracht, huisvesting en werk. Om beleidsmakers en verenigingen op het terrein de nodige handvaten te geven om deze gezinnen te kunnen ondersteunen, hebben CAW, AMA en IKEA Belgi\u00eb een onderzoek laten uitvoeren, in samenwerking met Haystack Consulting. Dit onderzoek is een vervolg op een eerste editie uit 2022.<\/p><p class=\"styles_paragraph__GiKq6\">Het onderzoek, uitgevoerd in april 2024, bestaat uit een kwantitatieve analyse van 991 eenoudergezinnen via een online panel en een incidentieonderzoek onder 1.494 personen om de representativiteit van eenoudergezinnen in Belgi\u00eb te beoordelen. De foutenmarge bedraagt 3%. \u200b<\/p>\t\t\t\t\t\t\t\t<\/div>\n\t\t\t\t<\/div>\n\t\t\t\t<\/div>\n\t\t\t\t<\/div>\n\t\t<div class=\"elementor-element elementor-element-551edc99 e-con-full e-flex e-con e-child\" data-id=\"551edc99\" data-element_type=\"container\">\n\t\t<div class=\"elementor-element elementor-element-135167b2 e-con-full e-flex e-con e-child\" data-id=\"135167b2\" data-element_type=\"container\">\n\t\t\t\t<div class=\"elementor-element elementor-element-31baf829 elementor-widget elementor-widget-heading\" data-id=\"31baf829\" data-element_type=\"widget\" data-widget_type=\"heading.default\">\n\t\t\t\t<div class=\"elementor-widget-container\">\n\t\t\t\t\t<h2 class=\"elementor-heading-title elementor-size-default\">\u2014 Welkom Thuis \u2014<\/h2>\t\t\t\t<\/div>\n\t\t\t\t<\/div>\n\t\t\t\t<div class=\"elementor-element elementor-element-29be79e3 elementor-widget elementor-widget-heading\" data-id=\"29be79e3\" data-element_type=\"widget\" data-widget_type=\"heading.default\">\n\t\t\t\t<div class=\"elementor-widget-container\">\n\t\t\t\t\t<h2 class=\"elementor-heading-title elementor-size-default\">LATEN WE SAMEN PRATEN<\/h2>\t\t\t\t<\/div>\n\t\t\t\t<\/div>\n\t\t\t\t<\/div>\n\t\t\t\t<div class=\"elementor-element elementor-element-35feba78 elementor-widget elementor-widget-raven-form\" data-id=\"35feba78\" data-element_type=\"widget\" data-settings=\"{&quot;fields&quot;:[{&quot;label&quot;:&quot;Nom&quot;,&quot;field_custom_id&quot;:&quot;name&quot;,&quot;placeholder&quot;:&quot;Votre Nom&quot;,&quot;_id&quot;:&quot;d0f6439&quot;,&quot;acceptance_text&quot;:null,&quot;required&quot;:&quot;true&quot;,&quot;step_previous_button&quot;:null,&quot;step_next_button&quot;:null,&quot;width&quot;:&quot;50&quot;,&quot;type&quot;:&quot;text&quot;,&quot;recaptcha_badge&quot;:null,&quot;recaptcha_theme&quot;:null,&quot;recaptcha_size&quot;:null,&quot;checked_by_default&quot;:null,&quot;min_time&quot;:null,&quot;max_time&quot;:null,&quot;min_date&quot;:null,&quot;max_date&quot;:null,&quot;localization&quot;:null,&quot;min&quot;:null,&quot;max&quot;:null,&quot;field_options&quot;:null,&quot;inline_list&quot;:null,&quot;field_html&quot;:null,&quot;native_html5&quot;:null,&quot;multiple_selection&quot;:null,&quot;rows&quot;:null,&quot;iti_tel&quot;:null,&quot;iti_tel_tel_type&quot;:null,&quot;iti_tel_require_area&quot;:null,&quot;iti_tel_allow_dropdown&quot;:null,&quot;iti_tel_country_include&quot;:null,&quot;iti_tel_ip_detect&quot;:null,&quot;iti_tel_internationalize&quot;:null,&quot;file_sizes&quot;:null,&quot;file_types&quot;:null,&quot;allow_multiple_upload&quot;:null,&quot;max_files&quot;:null,&quot;step_icon&quot;:null,&quot;field_value&quot;:&quot;&quot;},{&quot;label&quot;:&quot;Email&quot;,&quot;field_custom_id&quot;:&quot;email&quot;,&quot;type&quot;:&quot;email&quot;,&quot;placeholder&quot;:&quot;Votre E-mail&quot;,&quot;required&quot;:&quot;true&quot;,&quot;_id&quot;:&quot;f50885a&quot;,&quot;acceptance_text&quot;:null,&quot;step_previous_button&quot;:null,&quot;step_next_button&quot;:null,&quot;width&quot;:&quot;50&quot;,&quot;recaptcha_badge&quot;:null,&quot;recaptcha_theme&quot;:null,&quot;recaptcha_size&quot;:null,&quot;checked_by_default&quot;:null,&quot;min_time&quot;:null,&quot;max_time&quot;:null,&quot;min_date&quot;:null,&quot;max_date&quot;:null,&quot;localization&quot;:null,&quot;min&quot;:null,&quot;max&quot;:null,&quot;field_options&quot;:null,&quot;inline_list&quot;:null,&quot;field_html&quot;:null,&quot;native_html5&quot;:null,&quot;multiple_selection&quot;:null,&quot;rows&quot;:null,&quot;iti_tel&quot;:null,&quot;iti_tel_tel_type&quot;:null,&quot;iti_tel_require_area&quot;:null,&quot;iti_tel_allow_dropdown&quot;:null,&quot;iti_tel_country_include&quot;:null,&quot;iti_tel_ip_detect&quot;:null,&quot;iti_tel_internationalize&quot;:null,&quot;file_sizes&quot;:null,&quot;file_types&quot;:null,&quot;allow_multiple_upload&quot;:null,&quot;max_files&quot;:null,&quot;step_icon&quot;:null,&quot;field_value&quot;:&quot;&quot;},{&quot;label&quot;:&quot;Message&quot;,&quot;field_custom_id&quot;:&quot;message&quot;,&quot;type&quot;:&quot;textarea&quot;,&quot;placeholder&quot;:&quot;Votre Message&quot;,&quot;_id&quot;:&quot;b96f9b3&quot;,&quot;acceptance_text&quot;:null,&quot;rows&quot;:4,&quot;required&quot;:&quot;true&quot;,&quot;step_previous_button&quot;:null,&quot;step_next_button&quot;:null,&quot;recaptcha_badge&quot;:null,&quot;recaptcha_theme&quot;:null,&quot;recaptcha_size&quot;:null,&quot;checked_by_default&quot;:null,&quot;min_time&quot;:null,&quot;max_time&quot;:null,&quot;min_date&quot;:null,&quot;max_date&quot;:null,&quot;localization&quot;:null,&quot;min&quot;:null,&quot;max&quot;:null,&quot;field_options&quot;:null,&quot;inline_list&quot;:null,&quot;field_html&quot;:null,&quot;native_html5&quot;:null,&quot;multiple_selection&quot;:null,&quot;iti_tel&quot;:null,&quot;iti_tel_tel_type&quot;:null,&quot;iti_tel_require_area&quot;:null,&quot;iti_tel_allow_dropdown&quot;:null,&quot;iti_tel_country_include&quot;:null,&quot;iti_tel_ip_detect&quot;:null,&quot;iti_tel_internationalize&quot;:null,&quot;file_sizes&quot;:null,&quot;file_types&quot;:null,&quot;allow_multiple_upload&quot;:null,&quot;max_files&quot;:null,&quot;step_icon&quot;:null,&quot;width&quot;:&quot;100&quot;,&quot;field_value&quot;:&quot;&quot;}],&quot;steps_type&quot;:&quot;number&quot;,&quot;steps_icon_shape&quot;:&quot;circle&quot;}\" data-widget_type=\"raven-form.default\">\n\t\t\t\t<div class=\"elementor-widget-container\">\n\t\t\t\t\t\t\t<form class=\"raven-form raven-flex raven-flex-wrap raven-flex-bottom raven-hide-required-mark\" method=\"post\" name=\"Contact\" action=\"\">\n\t\t\t<input type=\"hidden\" name=\"post_id\" value=\"1068\" \/>\n\t\t\t<input type=\"hidden\" name=\"form_id\" value=\"35feba78\" \/>\n\t\t\t\t\t<div id=\"raven-field-group-d0f6439\" class=\"raven-flex-wrap raven-field-type-text raven-field-group elementor-column elementor-col-50 raven-field-required\">\n\t\t\t\t\t<input\n\t\t\toninput=\"onInvalidRavenFormField(event)\"\n\t\t\toninvalid=\"onInvalidRavenFormField(event)\"\n\t\t\ttype=\"text\" name=\"fields[d0f6439]\" id=\"form-field-d0f6439\" class=\"raven-field\" placeholder=\"Jouw Naam\" data-type=\"text\" required=\"required\">\n\t\t\t\t<\/div>\n\t\t\t\t<div id=\"raven-field-group-f50885a\" class=\"raven-flex-wrap raven-field-type-email raven-field-group elementor-column elementor-col-50 raven-field-required\">\n\t\t\t\t\t<input\n\t\t\toninput=\"onInvalidRavenFormField(event)\"\n\t\t\toninvalid=\"onInvalidRavenFormField(event)\"\n\t\t\ttype=\"email\" name=\"fields[f50885a]\" id=\"form-field-f50885a\" class=\"raven-field\" placeholder=\"Jouw Email\" data-type=\"email\" required=\"required\">\n\t\t\t\t<\/div>\n\t\t\t\t<div id=\"raven-field-group-b96f9b3\" class=\"raven-flex-wrap raven-field-type-textarea raven-field-group elementor-column elementor-col-100 raven-field-required\">\n\t\t\t\t\t<textarea\n\t\t\toninput=\"onInvalidRavenFormField(event)\"\n\t\t\toninvalid=\"onInvalidRavenFormField(event)\"\n\t\t\ttype=\"textarea\" name=\"fields[b96f9b3]\" id=\"form-field-b96f9b3\" class=\"raven-field\" placeholder=\"Jouw Bericht\" data-type=\"textarea\" required=\"required\"\t\t\trows=\"4\"><\/textarea>\n\t\t\t\t<\/div>\n\t\t\t\t\t\t\t<div class=\"raven-field-group raven-field-type-submit-button elementor-column elementor-col-33\">\n\t\t\t\t\t\t\t\t\t<button class=\"raven-submit-button\" type=\"submit\">\n\t\t\t\t\t\t<span>Stuur Het Bericht<\/span>\n\t\t<\/button>\n\t\t\t\t\t\t\t<\/div>\n\t\t\t\t<input type=\"hidden\" name=\"trp-form-language\" value=\"nl\"\/><\/form>\n\n\t\t\t\t\t\t\t\t<\/div>\n\t\t\t\t<\/div>\n\t\t\t\t<\/div>\n\t\t\t\t<\/div>\n\t\t\t\t<\/div>\n\t\t\t\t<\/div>","protected":false},"excerpt":{"rendered":"<p>\u2014 La nouelle \u00c9tude (2024) Comprendre la R\u00e9alit\u00e9 des Familles Monoparentales Pour les Aider au Mieux En 2024, Plus d\u2019un m\u00e9nage belge sur dix est un foyer monoparental. Parmi ceux-ci, un quart rencontre des probl\u00e8mes financiers, soit deux fois plus que la moyenne belge. De plus, il s\u2019av\u00e8re plus difficile pour ces m\u00e9nages de trouver [&hellip;]<\/p>","protected":false},"author":1,"featured_media":0,"parent":0,"menu_order":0,"comment_status":"closed","ping_status":"closed","template":"elementor_header_footer","meta":{"footnotes":""},"class_list":["post-1068","page","type-page","status-publish","hentry"],"_links":{"self":[{"href":"https:\/\/bienvenuechezvous.be\/nl\/wp-json\/wp\/v2\/pages\/1068","targetHints":{"allow":["GET"]}}],"collection":[{"href":"https:\/\/bienvenuechezvous.be\/nl\/wp-json\/wp\/v2\/pages"}],"about":[{"href":"https:\/\/bienvenuechezvous.be\/nl\/wp-json\/wp\/v2\/types\/page"}],"author":[{"embeddable":true,"href":"https:\/\/bienvenuechezvous.be\/nl\/wp-json\/wp\/v2\/users\/1"}],"replies":[{"embeddable":true,"href":"https:\/\/bienvenuechezvous.be\/nl\/wp-json\/wp\/v2\/comments?post=1068"}],"version-history":[{"count":10,"href":"https:\/\/bienvenuechezvous.be\/nl\/wp-json\/wp\/v2\/pages\/1068\/revisions"}],"predecessor-version":[{"id":1442,"href":"https:\/\/bienvenuechezvous.be\/nl\/wp-json\/wp\/v2\/pages\/1068\/revisions\/1442"}],"wp:attachment":[{"href":"https:\/\/bienvenuechezvous.be\/nl\/wp-json\/wp\/v2\/media?parent=1068"}],"curies":[{"name":"wp","href":"https:\/\/api.w.org\/{rel}","templated":true}]}}