{"id":100,"date":"2025-01-15T07:55:17","date_gmt":"2025-01-15T06:55:17","guid":{"rendered":"https:\/\/bienvenuechezvous.be\/?page_id=100"},"modified":"2025-12-03T17:15:11","modified_gmt":"2025-12-03T16:15:11","slug":"news","status":"publish","type":"page","link":"https:\/\/bienvenuechezvous.be\/nl\/news\/","title":{"rendered":"News"},"content":{"rendered":"<div data-elementor-type=\"wp-page\" data-elementor-id=\"100\" class=\"elementor elementor-100\">\n\t\t\t\t<div class=\"elementor-element elementor-element-fedbee6 e-con-full e-flex e-con e-parent\" data-id=\"fedbee6\" data-element_type=\"container\" data-settings=\"{&quot;background_background&quot;:&quot;classic&quot;}\">\n\t\t<div class=\"elementor-element elementor-element-ffb5af3 e-con-full mx-width e-flex e-con e-child\" data-id=\"ffb5af3\" data-element_type=\"container\" data-settings=\"{&quot;background_background&quot;:&quot;classic&quot;}\">\n\t\t<div class=\"elementor-element elementor-element-f5ccb72 e-con-full e-flex e-con e-child\" data-id=\"f5ccb72\" data-element_type=\"container\">\n\t\t\t\t<div class=\"elementor-element elementor-element-fc3f57e elementor-widget elementor-widget-heading\" data-id=\"fc3f57e\" data-element_type=\"widget\" data-widget_type=\"heading.default\">\n\t\t\t\t<div class=\"elementor-widget-container\">\n\t\t\t\t\t<h2 class=\"elementor-heading-title elementor-size-default\">- DEBATTEN &amp; ONTMOETINGEN MET DE POLITIEKE WERELD -<\/h2>\t\t\t\t<\/div>\n\t\t\t\t<\/div>\n\t\t\t\t<div class=\"elementor-element elementor-element-00ceac1 elementor-widget elementor-widget-heading\" data-id=\"00ceac1\" data-element_type=\"widget\" data-widget_type=\"heading.default\">\n\t\t\t\t<div class=\"elementor-widget-container\">\n\t\t\t\t\t<h2 class=\"elementor-heading-title elementor-size-default\">HET POLITIEKE ASPECT<\/h2>\t\t\t\t<\/div>\n\t\t\t\t<\/div>\n\t\t\t\t<\/div>\n\t\t\t\t<div class=\"elementor-element elementor-element-64c09a4 elementor-widget elementor-widget-text-editor\" data-id=\"64c09a4\" data-element_type=\"widget\" data-widget_type=\"text-editor.default\">\n\t\t\t\t<div class=\"elementor-widget-container\">\n\t\t\t\t\t\t\t\t\t<p>Naast de donatie- en vrijwilligersaspecten heeft het project Welkom Thuis ook een politieke dimensie. Hier vindt u verslagen over de discussies die in 2023 en 2024 plaatsvonden tussen de verenigingen van het netwerk en politici over het onderwerp van het memorandum.\u00a0<\/p>\t\t\t\t\t\t\t\t<\/div>\n\t\t\t\t<\/div>\n\t\t\t\t<div class=\"elementor-element elementor-element-936f602 raven-advaned-posts-equal-height-yes raven-hover-scale-up elementor-widget elementor-widget-raven-advanced-posts\" data-id=\"936f602\" data-element_type=\"widget\" data-settings=\"{&quot;featured_image_hover&quot;:&quot;scale-up&quot;,&quot;query_posts_per_page&quot;:-1,&quot;general_layout&quot;:&quot;grid&quot;,&quot;columns&quot;:&quot;3&quot;,&quot;columns_tablet&quot;:&quot;2&quot;,&quot;columns_mobile&quot;:&quot;1&quot;,&quot;query_orderby&quot;:&quot;date&quot;,&quot;query_offset&quot;:0}\" data-widget_type=\"raven-advanced-posts.default\">\n\t\t\t\t<div class=\"elementor-widget-container\">\n\t\t\t\t\t\t\t<div class=\"raven-posts raven-posts-grid\">\n\t\t\t\t\t\t<div class=\"advanced-posts-content content-layout-under-image raven-grid raven-grid-3 raven-grid-mobile-1 raven-grid-tablet-2 scale-up\" data-post-id=\"100\" data-archive-query=\"\">\n\t\t\t\t<div class=\"raven-posts-item raven-grid-item\"><div class=\"raven-post-wrapper\"><div class=\"raven-post\"><div class=\"raven-post-image-wrap\"><a class=\"raven-post-image raven-image-fit\" href=\"https:\/\/bienvenuechezvous.be\/nl\/resultats-du-plaidoyer-politique-2022-2024\/\"> <img fetchpriority=\"high\" decoding=\"async\" width=\"1024\" height=\"768\" src=\"https:\/\/bienvenuechezvous.be\/wp-content\/uploads\/2025\/12\/DSC04263-1024x768.jpg\" class=\"attachment-large size-large wp-image-1392\" alt=\"\" srcset=\"https:\/\/bienvenuechezvous.be\/wp-content\/uploads\/2025\/12\/DSC04263-1024x768.jpg 1024w, https:\/\/bienvenuechezvous.be\/wp-content\/uploads\/2025\/12\/DSC04263-300x225.jpg 300w, https:\/\/bienvenuechezvous.be\/wp-content\/uploads\/2025\/12\/DSC04263-768x576.jpg 768w, https:\/\/bienvenuechezvous.be\/wp-content\/uploads\/2025\/12\/DSC04263-1536x1152.jpg 1536w, https:\/\/bienvenuechezvous.be\/wp-content\/uploads\/2025\/12\/DSC04263-2048x1536.jpg 2048w, https:\/\/bienvenuechezvous.be\/wp-content\/uploads\/2025\/12\/DSC04263-16x12.jpg 16w\" sizes=\"(max-width: 1024px) 100vw, 1024px\" \/><span class=\"raven-post-image-overlay\"><\/span><\/a><\/div><div class=\"raven-post-content-container\"><div class=\"raven-post-content\" data-id=\"1367\"><div class=\"raven-post-meta\"><a class=\"raven-post-meta-item raven-post-date\" href=\"https:\/\/bienvenuechezvous.be\/nl\/2025\/12\/\" rel=\"bookmark\">december 3, 2025<\/a><\/div><h3 class=\"raven-post-title\"><a class=\"raven-post-title-link\" href=\"https:\/\/bienvenuechezvous.be\/nl\/resultats-du-plaidoyer-politique-2022-2024\/\">Resultaten van beleidsbe\u00efnvloeding (2022-2024)<\/a><\/h3><div class=\"raven-post-excerpt\">De resultaten benadrukken de noodzaak van voortdurende belangenbehartiging, publieke bewustmaking en beleidsmonitoring.<\/div><div class=\"raven-post-read-more\"><a class=\"raven-post-button\" href=\"https:\/\/bienvenuechezvous.be\/nl\/resultats-du-plaidoyer-politique-2022-2024\/\"><span class=\"raven-post-button-text\">Lees Meer<\/span><\/a><\/div><\/div><\/div><\/div><\/div><\/div><div class=\"raven-posts-item raven-grid-item\"><div class=\"raven-post-wrapper\"><div class=\"raven-post\"><div class=\"raven-post-image-wrap\"><a class=\"raven-post-image raven-image-fit\" href=\"https:\/\/bienvenuechezvous.be\/nl\/compte-rendu-la-2eme-table-ronde-autour-du-memorandum-a-liege-23-juin-2023\/\"> <img decoding=\"async\" width=\"1024\" height=\"686\" src=\"https:\/\/bienvenuechezvous.be\/wp-content\/uploads\/2025\/01\/news-3-7-1024x686.jpeg\" class=\"attachment-large size-large wp-image-39\" alt=\"\" srcset=\"https:\/\/bienvenuechezvous.be\/wp-content\/uploads\/2025\/01\/news-3-7-1024x686.jpeg 1024w, https:\/\/bienvenuechezvous.be\/wp-content\/uploads\/2025\/01\/news-3-7-300x201.jpeg 300w, https:\/\/bienvenuechezvous.be\/wp-content\/uploads\/2025\/01\/news-3-7-768x515.jpeg 768w, https:\/\/bienvenuechezvous.be\/wp-content\/uploads\/2025\/01\/news-3-7-1536x1029.jpeg 1536w, https:\/\/bienvenuechezvous.be\/wp-content\/uploads\/2025\/01\/news-3-7.jpeg 2048w\" sizes=\"(max-width: 1024px) 100vw, 1024px\" \/><span class=\"raven-post-image-overlay\"><\/span><\/a><\/div><div class=\"raven-post-content-container\"><div class=\"raven-post-content\" data-id=\"769\"><div class=\"raven-post-meta\"><a class=\"raven-post-meta-item raven-post-date\" href=\"https:\/\/bienvenuechezvous.be\/nl\/2023\/06\/\" rel=\"bookmark\">juni 23, 2023<\/a><\/div><h3 class=\"raven-post-title\"><a class=\"raven-post-title-link\" href=\"https:\/\/bienvenuechezvous.be\/nl\/compte-rendu-la-2eme-table-ronde-autour-du-memorandum-a-liege-23-juin-2023\/\">Verslag Welkom Thuis Rondetafelgesprek Luik (23 Juni 2023)<\/a><\/h3><div class=\"raven-post-excerpt\">Wat zijn de reacties van beleidsmakers op de voorstellen uit het memorandum? Welke voorstellen zijn prioritair? Passen de aanbevelingen van het memorandum in het beleid zowel op lokaal als Vlaams niveau?<\/div><div class=\"raven-post-read-more\"><a class=\"raven-post-button\" href=\"https:\/\/bienvenuechezvous.be\/nl\/compte-rendu-la-2eme-table-ronde-autour-du-memorandum-a-liege-23-juin-2023\/\"><span class=\"raven-post-button-text\">Lees Meer<\/span><\/a><\/div><\/div><\/div><\/div><\/div><\/div><div class=\"raven-posts-item raven-grid-item\"><div class=\"raven-post-wrapper\"><div class=\"raven-post\"><div class=\"raven-post-image-wrap\"><a class=\"raven-post-image raven-image-fit\" href=\"https:\/\/bienvenuechezvous.be\/nl\/compte-rendu-de-la-troisieme-table-ronde-autour-du-memorandum-a-bruxelles-25-mai-2023\/\"> <img decoding=\"async\" width=\"1024\" height=\"686\" src=\"https:\/\/bienvenuechezvous.be\/wp-content\/uploads\/2025\/01\/news-4-5-1024x686.jpeg\" class=\"attachment-large size-large wp-image-47\" alt=\"\" srcset=\"https:\/\/bienvenuechezvous.be\/wp-content\/uploads\/2025\/01\/news-4-5-1024x686.jpeg 1024w, https:\/\/bienvenuechezvous.be\/wp-content\/uploads\/2025\/01\/news-4-5-300x201.jpeg 300w, https:\/\/bienvenuechezvous.be\/wp-content\/uploads\/2025\/01\/news-4-5-768x515.jpeg 768w, https:\/\/bienvenuechezvous.be\/wp-content\/uploads\/2025\/01\/news-4-5-1536x1029.jpeg 1536w, https:\/\/bienvenuechezvous.be\/wp-content\/uploads\/2025\/01\/news-4-5.jpeg 2048w\" sizes=\"(max-width: 1024px) 100vw, 1024px\" \/><span class=\"raven-post-image-overlay\"><\/span><\/a><\/div><div class=\"raven-post-content-container\"><div class=\"raven-post-content\" data-id=\"912\"><div class=\"raven-post-meta\"><a class=\"raven-post-meta-item raven-post-date\" href=\"https:\/\/bienvenuechezvous.be\/nl\/2023\/05\/\" rel=\"bookmark\">mei 25, 2023<\/a><\/div><h3 class=\"raven-post-title\"><a class=\"raven-post-title-link\" href=\"https:\/\/bienvenuechezvous.be\/nl\/compte-rendu-de-la-troisieme-table-ronde-autour-du-memorandum-a-bruxelles-25-mai-2023\/\">Verslag Welkom Thuis Rondetafelgesprek Brussel (25 Mei 2023)<\/a><\/h3><div class=\"raven-post-excerpt\">Hoe reageren beleidsmakers op de voorstellen in het memorandum? Welke voorstellen hebben prioriteit?<\/div><div class=\"raven-post-read-more\"><a class=\"raven-post-button\" href=\"https:\/\/bienvenuechezvous.be\/nl\/compte-rendu-de-la-troisieme-table-ronde-autour-du-memorandum-a-bruxelles-25-mai-2023\/\"><span class=\"raven-post-button-text\">Lees Meer<\/span><\/a><\/div><\/div><\/div><\/div><\/div><\/div><div class=\"raven-posts-item raven-grid-item\"><div class=\"raven-post-wrapper\"><div class=\"raven-post\"><div class=\"raven-post-image-wrap\"><a class=\"raven-post-image raven-image-fit\" href=\"https:\/\/bienvenuechezvous.be\/nl\/compte-rendu-la-premiere-table-ronde-autour-du-memorandum-a-mechelen-23-mars-2023\/\"> <img loading=\"lazy\" decoding=\"async\" width=\"1024\" height=\"687\" src=\"https:\/\/bienvenuechezvous.be\/wp-content\/uploads\/2025\/01\/news-2-17-1024x687.jpg\" class=\"attachment-large size-large wp-image-30\" alt=\"\" srcset=\"https:\/\/bienvenuechezvous.be\/wp-content\/uploads\/2025\/01\/news-2-17-1024x687.jpg 1024w, https:\/\/bienvenuechezvous.be\/wp-content\/uploads\/2025\/01\/news-2-17-300x201.jpg 300w, https:\/\/bienvenuechezvous.be\/wp-content\/uploads\/2025\/01\/news-2-17-768x515.jpg 768w, https:\/\/bienvenuechezvous.be\/wp-content\/uploads\/2025\/01\/news-2-17-1536x1031.jpg 1536w, https:\/\/bienvenuechezvous.be\/wp-content\/uploads\/2025\/01\/news-2-17.jpg 2048w\" sizes=\"(max-width: 1024px) 100vw, 1024px\" \/><span class=\"raven-post-image-overlay\"><\/span><\/a><\/div><div class=\"raven-post-content-container\"><div class=\"raven-post-content\" data-id=\"764\"><div class=\"raven-post-meta\"><a class=\"raven-post-meta-item raven-post-date\" href=\"https:\/\/bienvenuechezvous.be\/nl\/2023\/03\/\" rel=\"bookmark\">maart 23, 2023<\/a><\/div><h3 class=\"raven-post-title\"><a class=\"raven-post-title-link\" href=\"https:\/\/bienvenuechezvous.be\/nl\/compte-rendu-la-premiere-table-ronde-autour-du-memorandum-a-mechelen-23-mars-2023\/\">Verslag Welkom Thuis Rondetafelgesprek Mechelen (23 Maart 2023)<\/a><\/h3><div class=\"raven-post-excerpt\">Een gesprek zegt echter meer dan duizend woorden, daarom wil IKEA Belgi\u00eb samen met beleidsmakers en mensen uit het middenveld rond de tafel gaan zitten.<\/div><div class=\"raven-post-read-more\"><a class=\"raven-post-button\" href=\"https:\/\/bienvenuechezvous.be\/nl\/compte-rendu-la-premiere-table-ronde-autour-du-memorandum-a-mechelen-23-mars-2023\/\"><span class=\"raven-post-button-text\">Lees Meer<\/span><\/a><\/div><\/div><\/div><\/div><\/div><\/div><div class=\"raven-posts-item raven-grid-item\"><div class=\"raven-post-wrapper\"><div class=\"raven-post\"><div class=\"raven-post-image-wrap\"><a class=\"raven-post-image raven-image-fit\" href=\"https:\/\/bienvenuechezvous.be\/nl\/10-recommandations-pour-faire-avancer-les-droits-des-familles-monoparentales-en-belgique\/\"> <img loading=\"lazy\" decoding=\"async\" width=\"1024\" height=\"683\" src=\"https:\/\/bienvenuechezvous.be\/wp-content\/uploads\/2025\/01\/news-1-5-1024x683.jpg\" class=\"attachment-large size-large wp-image-12\" alt=\"\" srcset=\"https:\/\/bienvenuechezvous.be\/wp-content\/uploads\/2025\/01\/news-1-5-1024x683.jpg 1024w, https:\/\/bienvenuechezvous.be\/wp-content\/uploads\/2025\/01\/news-1-5-300x200.jpg 300w, https:\/\/bienvenuechezvous.be\/wp-content\/uploads\/2025\/01\/news-1-5-768x512.jpg 768w, https:\/\/bienvenuechezvous.be\/wp-content\/uploads\/2025\/01\/news-1-5-1536x1024.jpg 1536w, https:\/\/bienvenuechezvous.be\/wp-content\/uploads\/2025\/01\/news-1-5.jpg 2048w\" sizes=\"(max-width: 1024px) 100vw, 1024px\" \/><span class=\"raven-post-image-overlay\"><\/span><\/a><\/div><div class=\"raven-post-content-container\"><div class=\"raven-post-content\" data-id=\"731\"><div class=\"raven-post-meta\"><a class=\"raven-post-meta-item raven-post-date\" href=\"https:\/\/bienvenuechezvous.be\/nl\/2022\/11\/\" rel=\"bookmark\">november 18, 2022<\/a><\/div><h3 class=\"raven-post-title\"><a class=\"raven-post-title-link\" href=\"https:\/\/bienvenuechezvous.be\/nl\/10-recommandations-pour-faire-avancer-les-droits-des-familles-monoparentales-en-belgique\/\">10 Aanbevelingen om de Rechten van Eenoudergezinnen in Belgi\u00eb te Bevorderen<\/a><\/h3><div class=\"raven-post-excerpt\">Op vrijdag 18 november 2022 kwam een tiental organisaties, actief in de ondersteuning van eenoudergezinnen, samen in Brussel.<\/div><div class=\"raven-post-read-more\"><a class=\"raven-post-button\" href=\"https:\/\/bienvenuechezvous.be\/nl\/10-recommandations-pour-faire-avancer-les-droits-des-familles-monoparentales-en-belgique\/\"><span class=\"raven-post-button-text\">Lees Meer<\/span><\/a><\/div><\/div><\/div><\/div><\/div><\/div>\t\t\t<\/div>\n\t\t\t\t\t<\/div>\n\t\t\t\t\t\t<\/div>\n\t\t\t\t<\/div>\n\t\t\t\t<\/div>\n\t\t\t\t<\/div>\n\t\t\t\t<\/div>","protected":false},"excerpt":{"rendered":"<p>\u2014 D\u00c9BATS &amp; RENCONTRES AVEC LE MONDE POLITIQUE \u2014 LE VOLET POLITIQUE A c\u00f4t\u00e9 de l&rsquo;aspect donation et volontariat, le projet Bienvenue Chez Vous a une dimension politique. Retrouvez ici les comptes rendus des \u00e9changes ayant eu lieu en 2023 et 2024 entres les associations du r\u00e9seau et les politiques autour du m\u00e9morandum.\u00a0 juin 23, [&hellip;]<\/p>","protected":false},"author":2,"featured_media":0,"parent":0,"menu_order":0,"comment_status":"closed","ping_status":"closed","template":"elementor_header_footer","meta":{"footnotes":""},"class_list":["post-100","page","type-page","status-publish","hentry"],"_links":{"self":[{"href":"https:\/\/bienvenuechezvous.be\/nl\/wp-json\/wp\/v2\/pages\/100","targetHints":{"allow":["GET"]}}],"collection":[{"href":"https:\/\/bienvenuechezvous.be\/nl\/wp-json\/wp\/v2\/pages"}],"about":[{"href":"https:\/\/bienvenuechezvous.be\/nl\/wp-json\/wp\/v2\/types\/page"}],"author":[{"embeddable":true,"href":"https:\/\/bienvenuechezvous.be\/nl\/wp-json\/wp\/v2\/users\/2"}],"replies":[{"embeddable":true,"href":"https:\/\/bienvenuechezvous.be\/nl\/wp-json\/wp\/v2\/comments?post=100"}],"version-history":[{"count":94,"href":"https:\/\/bienvenuechezvous.be\/nl\/wp-json\/wp\/v2\/pages\/100\/revisions"}],"predecessor-version":[{"id":1357,"href":"https:\/\/bienvenuechezvous.be\/nl\/wp-json\/wp\/v2\/pages\/100\/revisions\/1357"}],"wp:attachment":[{"href":"https:\/\/bienvenuechezvous.be\/nl\/wp-json\/wp\/v2\/media?parent=100"}],"curies":[{"name":"wp","href":"https:\/\/api.w.org\/{rel}","templated":true}]}}